{"id":12752,"date":"2023-02-01T13:08:26","date_gmt":"2023-02-01T12:08:26","guid":{"rendered":"https:\/\/www.circuit-mettet.be\/?page_id=12752"},"modified":"2023-03-02T16:01:36","modified_gmt":"2023-03-02T15:01:36","slug":"tm-ladies-cup","status":"publish","type":"page","link":"https:\/\/mettet-xp.be\/en\/tm-ladies-cup\/","title":{"rendered":"TM Ladies Cup"},"content":{"rendered":"<p>La TM Ladies Cup est une coupe organis\u00e9e pour promouvoir le sport m\u00e9canique f\u00e9minin. Pendant les Trackdays Supermotard au Circuit Jules Tacheny, nous avons vu que quelques femmes se pr\u00e9sentaient pendant les derni\u00e8res ann\u00e9es, et nous voulons attirer encore plus de femmes pour montrer que la moto est aussi accessible pour les femmes.<\/p>\n<p>Le Supermoto est une discipline dans laquelle on roule sur un circuit ferm\u00e9, qui est compos\u00e9 de 66% d&#8217;asphalte et 34% d\u2019off-road. C&#8217;est une discipline ou l&#8217;on apprend aussi \u00e0 glisser et sauter avec la moto, ce qui rend le sport spectaculaire sans devoir passer \u00e0 des grandes vitesses. La sensation Supermoto est unique.<\/p>\n<p>Les participants sont autoris\u00e9s \u00e0 partir de 16 ans, ils n&#8217;ont pas besoin d&#8217;un permis de conduire comme ce sport se fait sur un terrain priv\u00e9. Par contre, pour participer dans la TM Ladies Cup, il faut obtenir une licence Supermoto par la f\u00e9d\u00e9ration FMWB.<\/p>\n<p>La TM Ladies est compos\u00e9e de 3 jours de qualification, et 2 jours de comp\u00e9tition. Les qualifications auront lieu pendant les Trackdays Supermoto sur le Circuit de Mettet, une premi\u00e8re course se d\u00e9roulera pendant le Championnat Belge de Supermoto \u00e0 Mettet en mars, la deuxi\u00e8me course sera organis\u00e9e pendant le Superbiker de Mettet en octobre.<\/p>\n","protected":false},"excerpt":{"rendered":"La TM Ladies Cup est une coupe organis\u00e9e pour promouvoir le sport m\u00e9canique f\u00e9minin. Pendant les Trackdays Supermotard au Circuit Jules Tacheny, nous avons vu que quelques femmes se pr\u00e9sentaient pendant les derni\u00e8res ann\u00e9es, et nous voulons attirer encore plus de femmes pour montrer que la moto est aussi accessible pour les femmes. Le Supermoto&#8230; <a class=\"view-article\" href=\"https:\/\/mettet-xp.be\/en\/tm-ladies-cup\/\">View Article<\/a>","protected":false},"author":9,"featured_media":0,"parent":0,"menu_order":0,"comment_status":"closed","ping_status":"closed","template":"page-event1.php","meta":{"footnotes":""},"class_list":["post-12752","page","type-page","status-publish","hentry"],"acf":[],"_links":{"self":[{"href":"https:\/\/mettet-xp.be\/en\/wp-json\/wp\/v2\/pages\/12752","targetHints":{"allow":["GET"]}}],"collection":[{"href":"https:\/\/mettet-xp.be\/en\/wp-json\/wp\/v2\/pages"}],"about":[{"href":"https:\/\/mettet-xp.be\/en\/wp-json\/wp\/v2\/types\/page"}],"author":[{"embeddable":true,"href":"https:\/\/mettet-xp.be\/en\/wp-json\/wp\/v2\/users\/9"}],"replies":[{"embeddable":true,"href":"https:\/\/mettet-xp.be\/en\/wp-json\/wp\/v2\/comments?post=12752"}],"version-history":[{"count":8,"href":"https:\/\/mettet-xp.be\/en\/wp-json\/wp\/v2\/pages\/12752\/revisions"}],"predecessor-version":[{"id":13719,"href":"https:\/\/mettet-xp.be\/en\/wp-json\/wp\/v2\/pages\/12752\/revisions\/13719"}],"wp:attachment":[{"href":"https:\/\/mettet-xp.be\/en\/wp-json\/wp\/v2\/media?parent=12752"}],"curies":[{"name":"wp","href":"https:\/\/api.w.org\/{rel}","templated":true}]}}